{"id":802,"date":"2019-03-18T17:36:55","date_gmt":"2019-03-18T16:36:55","guid":{"rendered":"https:\/\/claude-monet-giverny.fr\/?post_type=product&#038;p=802"},"modified":"2025-12-17T11:02:28","modified_gmt":"2025-12-17T10:02:28","slug":"le-musee-intime-de-monet-a-giverny","status":"publish","type":"product","link":"https:\/\/claudemonetgiverny.fr\/en\/produit\/le-musee-intime-de-monet-a-giverny\/","title":{"rendered":"Le mus\u00e9e intime de Monet \u00e0 Giverny"},"content":{"rendered":"","protected":false},"excerpt":{"rendered":"<p style=\"color: #000;text-align: justify\">Gr\u00e2ce \u00e0 l&#8217;\u00e9tude du salon-atelier et de la chambre de Giverny, Sylvie Patin, Conservateur g\u00e9n\u00e9ral au mus\u00e9e d&#8217;Orsay et correspondant de l&#8217;Institut, nous introduit dans ce \u00abd\u00e9cor d&#8217;existence\u00bb cr\u00e9\u00e9 par le peintre qui y vivait entour\u00e9 de ses toiles et des \u0153uvres de ses amis : Boudin, Jongking, Manet, Renoir, Berthe Morisot, Caillebotte, Pissarro, Sisley, Degas, C\u00e9zanneet Signac. Elle dessine ainsi un portrait de Monet avec les traits de caract\u00e8re illustrant cette personnalit\u00e9 d&#8217;exception.<\/p>\n","protected":false},"featured_media":803,"template":"","meta":{"_acf_changed":false},"product_brand":[],"product_cat":[18],"product_tag":[],"class_list":{"0":"post-802","1":"product","2":"type-product","3":"status-publish","4":"has-post-thumbnail","6":"product_cat-livres","8":"first","9":"instock","10":"taxable","11":"shipping-taxable","12":"purchasable","13":"product-type-simple"},"acf":[],"_links":{"self":[{"href":"https:\/\/claudemonetgiverny.fr\/en\/wp-json\/wp\/v2\/product\/802","targetHints":{"allow":["GET"]}}],"collection":[{"href":"https:\/\/claudemonetgiverny.fr\/en\/wp-json\/wp\/v2\/product"}],"about":[{"href":"https:\/\/claudemonetgiverny.fr\/en\/wp-json\/wp\/v2\/types\/product"}],"wp:featuredmedia":[{"embeddable":true,"href":"https:\/\/claudemonetgiverny.fr\/en\/wp-json\/wp\/v2\/media\/803"}],"wp:attachment":[{"href":"https:\/\/claudemonetgiverny.fr\/en\/wp-json\/wp\/v2\/media?parent=802"}],"wp:term":[{"taxonomy":"product_brand","embeddable":true,"href":"https:\/\/claudemonetgiverny.fr\/en\/wp-json\/wp\/v2\/product_brand?post=802"},{"taxonomy":"product_cat","embeddable":true,"href":"https:\/\/claudemonetgiverny.fr\/en\/wp-json\/wp\/v2\/product_cat?post=802"},{"taxonomy":"product_tag","embeddable":true,"href":"https:\/\/claudemonetgiverny.fr\/en\/wp-json\/wp\/v2\/product_tag?post=802"}],"curies":[{"name":"wp","href":"https:\/\/api.w.org\/{rel}","templated":true}]}}