{"id":799,"date":"2019-03-18T17:19:56","date_gmt":"2019-03-18T16:19:56","guid":{"rendered":"https:\/\/claude-monet-giverny.fr\/?post_type=product&#038;p=799"},"modified":"2025-12-17T11:02:21","modified_gmt":"2025-12-17T10:02:21","slug":"monet-a-giverny","status":"publish","type":"product","link":"https:\/\/claudemonetgiverny.fr\/en\/produit\/monet-a-giverny\/","title":{"rendered":"Monet \u00e0 Giverny &#8211; Guide en fran\u00e7ais"},"content":{"rendered":"","protected":false},"excerpt":{"rendered":"<p style=\"color: #000!important;text-align: justify\"><img decoding=\"async\" style=\"margin-right: 3px\" src=\"https:\/\/web.archive.org\/web\/20180730173615im_\/https:\/\/claude-monet-giverny.fr\/wp-content\/plugins\/sitepress-multilingual-cms\/res\/flags\/en.png\" alt=\"\" \/><img decoding=\"async\" style=\"margin-right: 3px\" src=\"https:\/\/web.archive.org\/web\/20180730173615im_\/https:\/\/claude-monet-giverny.fr\/wp-content\/plugins\/sitepress-multilingual-cms\/res\/flags\/fr.png\" alt=\"\" \/><img decoding=\"async\" style=\"margin-right: 3px\" src=\"https:\/\/web.archive.org\/web\/20180730173615im_\/https:\/\/claude-monet-giverny.fr\/wp-content\/plugins\/sitepress-multilingual-cms\/res\/flags\/de.png\" alt=\"\" \/><img decoding=\"async\" src=\"https:\/\/web.archive.org\/web\/20180730173615im_\/https:\/\/claude-monet-giverny.fr\/wp-content\/plugins\/sitepress-multilingual-cms\/res\/flags\/jp.png\" alt=\"\" \/><strong> Disponible en Anglais, Allemand, Fran\u00e7ais et Japonais<\/strong><\/p>\n<p>Monet \u00e0 Giverny est cet amoureux de la campagne qui cr\u00e9e avec sa famille un cadre de vie id\u00e9al et pr\u00e9serv\u00e9, mais il est aussi cet artiste maudit, et d\u00e9sormais reconnu, qui affiche sur ses murs des toiles importantes pour raconter sa vie. Adrien Goetz nous guide dans la maison et les jardins de Monet con\u00e7oit comme une \u0153uvre d&#8217;art et o\u00f9 il imagine le cycle des Nymph\u00e9as, cr\u00e9ation majeure \u00e0 l&#8217;origine de l&#8217;art du XXe si\u00e8cle.<\/p>\n","protected":false},"featured_media":800,"template":"","meta":{"_acf_changed":false},"product_brand":[],"product_cat":[18],"product_tag":[],"class_list":{"0":"post-799","1":"product","2":"type-product","3":"status-publish","4":"has-post-thumbnail","6":"product_cat-livres","8":"first","9":"instock","10":"taxable","11":"shipping-taxable","12":"purchasable","13":"product-type-simple"},"acf":[],"_links":{"self":[{"href":"https:\/\/claudemonetgiverny.fr\/en\/wp-json\/wp\/v2\/product\/799","targetHints":{"allow":["GET"]}}],"collection":[{"href":"https:\/\/claudemonetgiverny.fr\/en\/wp-json\/wp\/v2\/product"}],"about":[{"href":"https:\/\/claudemonetgiverny.fr\/en\/wp-json\/wp\/v2\/types\/product"}],"wp:featuredmedia":[{"embeddable":true,"href":"https:\/\/claudemonetgiverny.fr\/en\/wp-json\/wp\/v2\/media\/800"}],"wp:attachment":[{"href":"https:\/\/claudemonetgiverny.fr\/en\/wp-json\/wp\/v2\/media?parent=799"}],"wp:term":[{"taxonomy":"product_brand","embeddable":true,"href":"https:\/\/claudemonetgiverny.fr\/en\/wp-json\/wp\/v2\/product_brand?post=799"},{"taxonomy":"product_cat","embeddable":true,"href":"https:\/\/claudemonetgiverny.fr\/en\/wp-json\/wp\/v2\/product_cat?post=799"},{"taxonomy":"product_tag","embeddable":true,"href":"https:\/\/claudemonetgiverny.fr\/en\/wp-json\/wp\/v2\/product_tag?post=799"}],"curies":[{"name":"wp","href":"https:\/\/api.w.org\/{rel}","templated":true}]}}