{"id":7698,"date":"2026-04-21T12:04:39","date_gmt":"2026-04-21T10:04:39","guid":{"rendered":"https:\/\/claudemonetgiverny.fr\/?post_type=product&#038;p=7698"},"modified":"2026-04-21T12:05:50","modified_gmt":"2026-04-21T10:05:50","slug":"bande-dessinee-monet-en-quete-de-lumiere-version-francaise","status":"publish","type":"product","link":"https:\/\/claudemonetgiverny.fr\/en\/produit\/bande-dessinee-monet-en-quete-de-lumiere-version-francaise\/","title":{"rendered":"Bande Dessin\u00e9e &#8211; Monet en qu\u00eate de lumi\u00e8re version fran\u00e7aise"},"content":{"rendered":"","protected":false},"excerpt":{"rendered":"<p> Bande Dessin\u00e9e &#8211; Monet en qu\u00eate de lumi\u00e8re version fran\u00e7aise<\/p>\n<p>Enti\u00e8rement r\u00e9alis\u00e9e \u00e0 l\u2019aquarelle, cette BD retrace avec sensibilit\u00e9 le parcours de Monet : de ses d\u00e9buts au Havre \u00e0 sa reconnaissance internationale. Une immersion lumineuse dans l\u2019univers du p\u00e8re de l\u2019impressionnisme, entre doutes, amours, amiti\u00e9s\u2026 et qu\u00eate inlassable pour capturer l\u2019instant.<\/p>\n<p>ISBN \u2013 301-0-000-13733-7<\/p>\n","protected":false},"featured_media":7699,"template":"","meta":{"_acf_changed":false},"product_brand":[],"product_cat":[18],"product_tag":[],"class_list":{"0":"post-7698","1":"product","2":"type-product","3":"status-publish","4":"has-post-thumbnail","6":"product_cat-livres","8":"first","9":"instock","10":"taxable","11":"shipping-taxable","12":"purchasable","13":"product-type-simple"},"acf":[],"_links":{"self":[{"href":"https:\/\/claudemonetgiverny.fr\/en\/wp-json\/wp\/v2\/product\/7698","targetHints":{"allow":["GET"]}}],"collection":[{"href":"https:\/\/claudemonetgiverny.fr\/en\/wp-json\/wp\/v2\/product"}],"about":[{"href":"https:\/\/claudemonetgiverny.fr\/en\/wp-json\/wp\/v2\/types\/product"}],"wp:featuredmedia":[{"embeddable":true,"href":"https:\/\/claudemonetgiverny.fr\/en\/wp-json\/wp\/v2\/media\/7699"}],"wp:attachment":[{"href":"https:\/\/claudemonetgiverny.fr\/en\/wp-json\/wp\/v2\/media?parent=7698"}],"wp:term":[{"taxonomy":"product_brand","embeddable":true,"href":"https:\/\/claudemonetgiverny.fr\/en\/wp-json\/wp\/v2\/product_brand?post=7698"},{"taxonomy":"product_cat","embeddable":true,"href":"https:\/\/claudemonetgiverny.fr\/en\/wp-json\/wp\/v2\/product_cat?post=7698"},{"taxonomy":"product_tag","embeddable":true,"href":"https:\/\/claudemonetgiverny.fr\/en\/wp-json\/wp\/v2\/product_tag?post=7698"}],"curies":[{"name":"wp","href":"https:\/\/api.w.org\/{rel}","templated":true}]}}