{"id":7418,"date":"2025-11-26T05:42:30","date_gmt":"2025-11-26T04:42:30","guid":{"rendered":"https:\/\/claudemonetgiverny.fr\/?post_type=product&#038;p=7418"},"modified":"2026-02-23T14:45:20","modified_gmt":"2026-02-23T13:45:20","slug":"boite-de-chocolats-gianduja","status":"publish","type":"product","link":"https:\/\/claudemonetgiverny.fr\/en\/produit\/boite-de-chocolats-gianduja\/","title":{"rendered":"Boite de chocolats gianduja"},"content":{"rendered":"","protected":false},"excerpt":{"rendered":"<p>Succombez \u00e0 la douceur onctueuse du gianduja, un mariage parfait de chocolat au lait et de noisettes finement torr\u00e9fi\u00e9es.<\/p>\n<p>Pr\u00e9sent\u00e9s dans une \u00e9l\u00e9gante bo\u00eete en m\u00e9tal, ces chocolats raffin\u00e9s sont autant un plaisir pour les yeux que pour les papilles.<\/p>\n<p>Chaque bouch\u00e9e fond d\u00e9licatement en bouche, r\u00e9v\u00e9lant des notes d\u00e9licates de noisette et la richesse du chocolat de qualit\u00e9, pour une exp\u00e9rience gourmande et inoubliable. Id\u00e9ale \u00e0 offrir ou \u00e0 partager, cette bo\u00eete allie esth\u00e9tique, raffinement et plaisir gourmand.<\/p>\n","protected":false},"featured_media":7415,"template":"","meta":{"_acf_changed":false},"product_brand":[],"product_cat":[24],"product_tag":[],"class_list":{"0":"post-7418","1":"product","2":"type-product","3":"status-publish","4":"has-post-thumbnail","6":"product_cat-divers","8":"first","9":"outofstock","10":"featured","11":"taxable","12":"shipping-taxable","13":"purchasable","14":"product-type-simple"},"acf":[],"_links":{"self":[{"href":"https:\/\/claudemonetgiverny.fr\/en\/wp-json\/wp\/v2\/product\/7418","targetHints":{"allow":["GET"]}}],"collection":[{"href":"https:\/\/claudemonetgiverny.fr\/en\/wp-json\/wp\/v2\/product"}],"about":[{"href":"https:\/\/claudemonetgiverny.fr\/en\/wp-json\/wp\/v2\/types\/product"}],"wp:featuredmedia":[{"embeddable":true,"href":"https:\/\/claudemonetgiverny.fr\/en\/wp-json\/wp\/v2\/media\/7415"}],"wp:attachment":[{"href":"https:\/\/claudemonetgiverny.fr\/en\/wp-json\/wp\/v2\/media?parent=7418"}],"wp:term":[{"taxonomy":"product_brand","embeddable":true,"href":"https:\/\/claudemonetgiverny.fr\/en\/wp-json\/wp\/v2\/product_brand?post=7418"},{"taxonomy":"product_cat","embeddable":true,"href":"https:\/\/claudemonetgiverny.fr\/en\/wp-json\/wp\/v2\/product_cat?post=7418"},{"taxonomy":"product_tag","embeddable":true,"href":"https:\/\/claudemonetgiverny.fr\/en\/wp-json\/wp\/v2\/product_tag?post=7418"}],"curies":[{"name":"wp","href":"https:\/\/api.w.org\/{rel}","templated":true}]}}