{"id":7409,"date":"2025-11-26T05:37:44","date_gmt":"2025-11-26T04:37:44","guid":{"rendered":"https:\/\/claudemonetgiverny.fr\/?post_type=product&#038;p=7409"},"modified":"2025-12-17T10:53:02","modified_gmt":"2025-12-17T09:53:02","slug":"coffret-dactivites-claude-monet","status":"publish","type":"product","link":"https:\/\/claudemonetgiverny.fr\/en\/produit\/coffret-dactivites-claude-monet\/","title":{"rendered":"Coffret d&#8217;activit\u00e9s Claude Monet"},"content":{"rendered":"","protected":false},"excerpt":{"rendered":"<p>D\u00e9couvrez l\u2019art et la vie de Claude Monet \u00e0 travers ce coffret riche et ludique, pens\u00e9 pour \u00e9veiller la cr\u00e9ativit\u00e9 et la curiosit\u00e9 des enfants \u00e0 partir de 10 ans. Une v\u00e9ritable immersion dans l\u2019univers impressionniste, qui combine apprentissage, d\u00e9tente et cr\u00e9ativit\u00e9.<\/p>\n<p>Ce coffret comprend 24 Cartes d\u2019activit\u00e9s, un puzzle, une biogrpahie illustr\u00e9e et un patch brod\u00e9<\/p>\n<p>Pens\u00e9 comme un cadeau parfait ou une activit\u00e9 enrichissante, ce coffret permet de combiner jeu, apprentissage et expression artistique, tout en c\u00e9l\u00e9brant l\u2019h\u00e9ritage de l\u2019un des peintres les plus embl\u00e9matiques de l\u2019impressionnisme.<\/p>\n","protected":false},"featured_media":7410,"template":"","meta":{"_acf_changed":false},"product_brand":[],"product_cat":[24],"product_tag":[],"class_list":{"0":"post-7409","1":"product","2":"type-product","3":"status-publish","4":"has-post-thumbnail","6":"product_cat-divers","8":"first","9":"instock","10":"taxable","11":"shipping-taxable","12":"purchasable","13":"product-type-simple"},"acf":[],"_links":{"self":[{"href":"https:\/\/claudemonetgiverny.fr\/en\/wp-json\/wp\/v2\/product\/7409","targetHints":{"allow":["GET"]}}],"collection":[{"href":"https:\/\/claudemonetgiverny.fr\/en\/wp-json\/wp\/v2\/product"}],"about":[{"href":"https:\/\/claudemonetgiverny.fr\/en\/wp-json\/wp\/v2\/types\/product"}],"wp:featuredmedia":[{"embeddable":true,"href":"https:\/\/claudemonetgiverny.fr\/en\/wp-json\/wp\/v2\/media\/7410"}],"wp:attachment":[{"href":"https:\/\/claudemonetgiverny.fr\/en\/wp-json\/wp\/v2\/media?parent=7409"}],"wp:term":[{"taxonomy":"product_brand","embeddable":true,"href":"https:\/\/claudemonetgiverny.fr\/en\/wp-json\/wp\/v2\/product_brand?post=7409"},{"taxonomy":"product_cat","embeddable":true,"href":"https:\/\/claudemonetgiverny.fr\/en\/wp-json\/wp\/v2\/product_cat?post=7409"},{"taxonomy":"product_tag","embeddable":true,"href":"https:\/\/claudemonetgiverny.fr\/en\/wp-json\/wp\/v2\/product_tag?post=7409"}],"curies":[{"name":"wp","href":"https:\/\/api.w.org\/{rel}","templated":true}]}}