{"id":7394,"date":"2025-11-26T05:33:43","date_gmt":"2025-11-26T04:33:43","guid":{"rendered":"https:\/\/claudemonetgiverny.fr\/?post_type=product&#038;p=7394"},"modified":"2026-03-24T17:14:14","modified_gmt":"2026-03-24T16:14:14","slug":"guide-en-espagnol-monet-en-giverny","status":"publish","type":"product","link":"https:\/\/claudemonetgiverny.fr\/en\/produit\/guide-en-espagnol-monet-en-giverny\/","title":{"rendered":"Guide en espagnol &#8211; Monet en Giverny"},"content":{"rendered":"","protected":false},"excerpt":{"rendered":"<p>D\u00e9couvrez la vie et l\u2019\u0153uvre de Claude Monet \u00e0 travers ce livre , qui vous emm\u00e8ne au c\u0153ur de son jardin enchant\u00e9 \u00e0 Giverny, source in\u00e9puisable d\u2019inspiration pour le peintre.<\/p>\n<p>Chaque page invite \u00e0 explorer les paysages, les fleurs et les reflets d\u2019eau qui ont fa\u00e7onn\u00e9 ses chefs-d\u2019\u0153uvre, offrant un regard intime sur son processus cr\u00e9atif et son quotidien artistique.<\/p>\n<p>Magnifiquement illustr\u00e9, ce livre m\u00eale photographies, reproductions de tableaux et anecdotes historiques. Il s\u00e9duira aussi bien les amateurs d\u2019art que les passionn\u00e9s de nature, r\u00e9v\u00e9lant comment Monet a su capturer la lumi\u00e8re, les couleurs et les \u00e9motions \u00e0 travers ses pinceaux.<\/p>\n","protected":false},"featured_media":7395,"template":"","meta":{"_acf_changed":false},"product_brand":[],"product_cat":[18],"product_tag":[],"class_list":{"0":"post-7394","1":"product","2":"type-product","3":"status-publish","4":"has-post-thumbnail","6":"product_cat-livres","8":"first","9":"instock","10":"taxable","11":"shipping-taxable","12":"purchasable","13":"product-type-simple"},"acf":[],"_links":{"self":[{"href":"https:\/\/claudemonetgiverny.fr\/en\/wp-json\/wp\/v2\/product\/7394","targetHints":{"allow":["GET"]}}],"collection":[{"href":"https:\/\/claudemonetgiverny.fr\/en\/wp-json\/wp\/v2\/product"}],"about":[{"href":"https:\/\/claudemonetgiverny.fr\/en\/wp-json\/wp\/v2\/types\/product"}],"wp:featuredmedia":[{"embeddable":true,"href":"https:\/\/claudemonetgiverny.fr\/en\/wp-json\/wp\/v2\/media\/7395"}],"wp:attachment":[{"href":"https:\/\/claudemonetgiverny.fr\/en\/wp-json\/wp\/v2\/media?parent=7394"}],"wp:term":[{"taxonomy":"product_brand","embeddable":true,"href":"https:\/\/claudemonetgiverny.fr\/en\/wp-json\/wp\/v2\/product_brand?post=7394"},{"taxonomy":"product_cat","embeddable":true,"href":"https:\/\/claudemonetgiverny.fr\/en\/wp-json\/wp\/v2\/product_cat?post=7394"},{"taxonomy":"product_tag","embeddable":true,"href":"https:\/\/claudemonetgiverny.fr\/en\/wp-json\/wp\/v2\/product_tag?post=7394"}],"curies":[{"name":"wp","href":"https:\/\/api.w.org\/{rel}","templated":true}]}}