{"id":7377,"date":"2025-11-26T05:26:17","date_gmt":"2025-11-26T04:26:17","guid":{"rendered":"https:\/\/claudemonetgiverny.fr\/?post_type=product&#038;p=7377"},"modified":"2025-12-17T10:54:42","modified_gmt":"2025-12-17T09:54:42","slug":"puzzle-100-pieces","status":"publish","type":"product","link":"https:\/\/claudemonetgiverny.fr\/en\/produit\/puzzle-100-pieces\/","title":{"rendered":"Puzzle 100 pi\u00e8ces"},"content":{"rendered":"","protected":false},"excerpt":{"rendered":"<p>Plongez dans l\u2019univers de la d\u00e9tente et de la concentration avec ce puzzle de 100 pi\u00e8ces, id\u00e9al pour petits et grands.<\/p>\n<p>Chaque pi\u00e8ce s\u2019embo\u00eete parfaitement pour reconstituer un motif captivant, stimulant \u00e0 la fois la r\u00e9flexion, la patience et la cr\u00e9ativit\u00e9.<\/p>\n<p>Parfait pour passer un moment agr\u00e9able en solo ou en famille, ce puzzle d\u00e9veloppe la motricit\u00e9 fine et l\u2019esprit d\u2019observation tout en offrant une exp\u00e9rience ludique et relaxante. Une fois termin\u00e9, il peut \u00e9galement devenir un joli \u00e9l\u00e9ment d\u00e9coratif \u00e0 exposer.<\/p>\n","protected":false},"featured_media":7378,"template":"","meta":{"_acf_changed":false},"product_brand":[],"product_cat":[24],"product_tag":[],"class_list":{"0":"post-7377","1":"product","2":"type-product","3":"status-publish","4":"has-post-thumbnail","6":"product_cat-divers","8":"first","9":"instock","10":"taxable","11":"shipping-taxable","12":"purchasable","13":"product-type-simple"},"acf":[],"_links":{"self":[{"href":"https:\/\/claudemonetgiverny.fr\/en\/wp-json\/wp\/v2\/product\/7377","targetHints":{"allow":["GET"]}}],"collection":[{"href":"https:\/\/claudemonetgiverny.fr\/en\/wp-json\/wp\/v2\/product"}],"about":[{"href":"https:\/\/claudemonetgiverny.fr\/en\/wp-json\/wp\/v2\/types\/product"}],"wp:featuredmedia":[{"embeddable":true,"href":"https:\/\/claudemonetgiverny.fr\/en\/wp-json\/wp\/v2\/media\/7378"}],"wp:attachment":[{"href":"https:\/\/claudemonetgiverny.fr\/en\/wp-json\/wp\/v2\/media?parent=7377"}],"wp:term":[{"taxonomy":"product_brand","embeddable":true,"href":"https:\/\/claudemonetgiverny.fr\/en\/wp-json\/wp\/v2\/product_brand?post=7377"},{"taxonomy":"product_cat","embeddable":true,"href":"https:\/\/claudemonetgiverny.fr\/en\/wp-json\/wp\/v2\/product_cat?post=7377"},{"taxonomy":"product_tag","embeddable":true,"href":"https:\/\/claudemonetgiverny.fr\/en\/wp-json\/wp\/v2\/product_tag?post=7377"}],"curies":[{"name":"wp","href":"https:\/\/api.w.org\/{rel}","templated":true}]}}