{"id":7332,"date":"2025-11-26T05:00:57","date_gmt":"2025-11-26T04:00:57","guid":{"rendered":"https:\/\/claudemonetgiverny.fr\/?post_type=product&#038;p=7332"},"modified":"2025-12-17T10:59:19","modified_gmt":"2025-12-17T09:59:19","slug":"boite-de-14-mini-savons","status":"publish","type":"product","link":"https:\/\/claudemonetgiverny.fr\/en\/produit\/boite-de-14-mini-savons\/","title":{"rendered":"Boite de 14 mini savons"},"content":{"rendered":"","protected":false},"excerpt":{"rendered":"<p>D\u00e9couvrez l\u2019\u00e9l\u00e9gance d\u2019un rituel bien-\u00eatre avec ce coffret de 14 mini savons, une collection d\u00e9licate imagin\u00e9e pour sublimer chaque instant du quotidien.<\/p>\n<p>&nbsp;<\/p>\n<p>Chaque savon, fa\u00e7onn\u00e9 en petit format, r\u00e9v\u00e8le un univers sensoriel unique : textures onctueuses, parfums subtils, et compositions pens\u00e9es pour respecter toutes les peaux.<\/p>\n<p>&nbsp;<\/p>\n<p>Pr\u00e9sent\u00e9s dans un \u00e9crin raffin\u00e9, ces miniatures sont parfaites pour varier les plaisirs, d\u00e9couvrir de nouvelles senteurs, ou offrir un moment de douceur \u00e0 quelqu\u2019un que vous aimez. Leur taille pratique en fait \u00e9galement des alli\u00e9s id\u00e9aux pour les voyages, les invit\u00e9s ou les petites attentions du quotidien.<\/p>\n","protected":false},"featured_media":7333,"template":"","meta":{"_acf_changed":false},"product_brand":[],"product_cat":[41],"product_tag":[],"class_list":{"0":"post-7332","1":"product","2":"type-product","3":"status-publish","4":"has-post-thumbnail","6":"product_cat-beaute","8":"first","9":"instock","10":"taxable","11":"shipping-taxable","12":"purchasable","13":"product-type-simple"},"acf":[],"_links":{"self":[{"href":"https:\/\/claudemonetgiverny.fr\/en\/wp-json\/wp\/v2\/product\/7332","targetHints":{"allow":["GET"]}}],"collection":[{"href":"https:\/\/claudemonetgiverny.fr\/en\/wp-json\/wp\/v2\/product"}],"about":[{"href":"https:\/\/claudemonetgiverny.fr\/en\/wp-json\/wp\/v2\/types\/product"}],"wp:featuredmedia":[{"embeddable":true,"href":"https:\/\/claudemonetgiverny.fr\/en\/wp-json\/wp\/v2\/media\/7333"}],"wp:attachment":[{"href":"https:\/\/claudemonetgiverny.fr\/en\/wp-json\/wp\/v2\/media?parent=7332"}],"wp:term":[{"taxonomy":"product_brand","embeddable":true,"href":"https:\/\/claudemonetgiverny.fr\/en\/wp-json\/wp\/v2\/product_brand?post=7332"},{"taxonomy":"product_cat","embeddable":true,"href":"https:\/\/claudemonetgiverny.fr\/en\/wp-json\/wp\/v2\/product_cat?post=7332"},{"taxonomy":"product_tag","embeddable":true,"href":"https:\/\/claudemonetgiverny.fr\/en\/wp-json\/wp\/v2\/product_tag?post=7332"}],"curies":[{"name":"wp","href":"https:\/\/api.w.org\/{rel}","templated":true}]}}