{"id":7329,"date":"2025-11-26T04:56:18","date_gmt":"2025-11-26T03:56:18","guid":{"rendered":"https:\/\/claudemonetgiverny.fr\/?post_type=product&#038;p=7329"},"modified":"2026-04-05T17:07:19","modified_gmt":"2026-04-05T15:07:19","slug":"tote-bag-bleu-outre-mer","status":"publish","type":"product","link":"https:\/\/claudemonetgiverny.fr\/en\/produit\/tote-bag-bleu-outre-mer\/","title":{"rendered":"tote bag bleu outre mer"},"content":{"rendered":"","protected":false},"excerpt":{"rendered":"<p>Laissez-vous s\u00e9duire par l\u2019\u00e9l\u00e9gance artistique de ce tote bag bleu outre-mer, sublim\u00e9 par une d\u00e9licate illustration de la maison de Claude Monet<\/p>\n<p>&nbsp;<\/p>\n<p>\u00c0 la fois esth\u00e9tique et pratique, ce sac en toile est parfait pour accompagner vos journ\u00e9es : courses, sorties culturelles, travail, plage ou loisirs. Sa couleur bleu profond met merveilleusement en valeur le dessin finement r\u00e9alis\u00e9, \u00e9voquant l\u2019univers po\u00e9tique et lumineux de Monet.<\/p>\n<p>&nbsp;<\/p>\n<p>Con\u00e7u en tissu r\u00e9sistant, il offre une excellente tenue tout en restant l\u00e9ger et confortable \u00e0 porter. Ses anses permettent un usage quotidien en toute s\u00e9r\u00e9nit\u00e9.<\/p>\n","protected":false},"featured_media":7330,"template":"","meta":{"_acf_changed":false},"product_brand":[],"product_cat":[22],"product_tag":[],"class_list":{"0":"post-7329","1":"product","2":"type-product","3":"status-publish","4":"has-post-thumbnail","6":"product_cat-textile","8":"first","9":"instock","10":"taxable","11":"shipping-taxable","12":"purchasable","13":"product-type-simple"},"acf":[],"_links":{"self":[{"href":"https:\/\/claudemonetgiverny.fr\/en\/wp-json\/wp\/v2\/product\/7329","targetHints":{"allow":["GET"]}}],"collection":[{"href":"https:\/\/claudemonetgiverny.fr\/en\/wp-json\/wp\/v2\/product"}],"about":[{"href":"https:\/\/claudemonetgiverny.fr\/en\/wp-json\/wp\/v2\/types\/product"}],"wp:featuredmedia":[{"embeddable":true,"href":"https:\/\/claudemonetgiverny.fr\/en\/wp-json\/wp\/v2\/media\/7330"}],"wp:attachment":[{"href":"https:\/\/claudemonetgiverny.fr\/en\/wp-json\/wp\/v2\/media?parent=7329"}],"wp:term":[{"taxonomy":"product_brand","embeddable":true,"href":"https:\/\/claudemonetgiverny.fr\/en\/wp-json\/wp\/v2\/product_brand?post=7329"},{"taxonomy":"product_cat","embeddable":true,"href":"https:\/\/claudemonetgiverny.fr\/en\/wp-json\/wp\/v2\/product_cat?post=7329"},{"taxonomy":"product_tag","embeddable":true,"href":"https:\/\/claudemonetgiverny.fr\/en\/wp-json\/wp\/v2\/product_tag?post=7329"}],"curies":[{"name":"wp","href":"https:\/\/api.w.org\/{rel}","templated":true}]}}