{"id":7303,"date":"2025-11-26T04:48:02","date_gmt":"2025-11-26T03:48:02","guid":{"rendered":"https:\/\/claudemonetgiverny.fr\/?post_type=product&#038;p=7303"},"modified":"2025-12-17T10:58:42","modified_gmt":"2025-12-17T09:58:42","slug":"trousse-coquelicots-rouge","status":"publish","type":"product","link":"https:\/\/claudemonetgiverny.fr\/en\/produit\/trousse-coquelicots-rouge\/","title":{"rendered":"Trousse coquelicots rouge"},"content":{"rendered":"","protected":false},"excerpt":{"rendered":"<p>Apportez une touche de po\u00e9sie et de fra\u00eecheur \u00e0 votre quotidien avec cette magnifique trousse orn\u00e9e de d\u00e9licats coquelicots rouges. \u00c0 la fois \u00e9l\u00e9gante et pratique, elle est id\u00e9ale pour ranger vos essentiels : maquillage, accessoires ou petits objets du quotidien.<\/p>\n<p>&nbsp;<\/p>\n<p>Son tissu de qualit\u00e9 offre une belle tenue, tandis que son imprim\u00e9 floral vibrant apporte une note naturelle et pleine de charme. Compacte mais suffisamment spacieuse, cette trousse se glisse facilement dans un sac \u00e0 main, un cartable ou un sac de voyage<\/p>\n","protected":false},"featured_media":7304,"template":"","meta":{"_acf_changed":false},"product_brand":[],"product_cat":[23],"product_tag":[],"class_list":{"0":"post-7303","1":"product","2":"type-product","3":"status-publish","4":"has-post-thumbnail","6":"product_cat-papeterie","8":"first","9":"instock","10":"taxable","11":"shipping-taxable","12":"purchasable","13":"product-type-simple"},"acf":[],"_links":{"self":[{"href":"https:\/\/claudemonetgiverny.fr\/en\/wp-json\/wp\/v2\/product\/7303","targetHints":{"allow":["GET"]}}],"collection":[{"href":"https:\/\/claudemonetgiverny.fr\/en\/wp-json\/wp\/v2\/product"}],"about":[{"href":"https:\/\/claudemonetgiverny.fr\/en\/wp-json\/wp\/v2\/types\/product"}],"wp:featuredmedia":[{"embeddable":true,"href":"https:\/\/claudemonetgiverny.fr\/en\/wp-json\/wp\/v2\/media\/7304"}],"wp:attachment":[{"href":"https:\/\/claudemonetgiverny.fr\/en\/wp-json\/wp\/v2\/media?parent=7303"}],"wp:term":[{"taxonomy":"product_brand","embeddable":true,"href":"https:\/\/claudemonetgiverny.fr\/en\/wp-json\/wp\/v2\/product_brand?post=7303"},{"taxonomy":"product_cat","embeddable":true,"href":"https:\/\/claudemonetgiverny.fr\/en\/wp-json\/wp\/v2\/product_cat?post=7303"},{"taxonomy":"product_tag","embeddable":true,"href":"https:\/\/claudemonetgiverny.fr\/en\/wp-json\/wp\/v2\/product_tag?post=7303"}],"curies":[{"name":"wp","href":"https:\/\/api.w.org\/{rel}","templated":true}]}}