{"id":7298,"date":"2025-11-26T04:45:26","date_gmt":"2025-11-26T03:45:26","guid":{"rendered":"https:\/\/claudemonetgiverny.fr\/?post_type=product&#038;p=7298"},"modified":"2025-12-17T10:58:54","modified_gmt":"2025-12-17T09:58:54","slug":"etui-a-lunettes-en-metal-le-pont","status":"publish","type":"product","link":"https:\/\/claudemonetgiverny.fr\/en\/produit\/etui-a-lunettes-en-metal-le-pont\/","title":{"rendered":"Etui \u00e0 lunettes en m\u00e9tal &#8211; Le pont"},"content":{"rendered":"","protected":false},"excerpt":{"rendered":"<p>Prot\u00e9gez vos lunettes avec \u00e9l\u00e9gance gr\u00e2ce \u00e0 cet \u00e9tui en m\u00e9tal raffin\u00e9 Le Pont, alliant robustesse, style et praticit\u00e9. Con\u00e7u pour r\u00e9sister aux chocs du quotidien, il assure une protection optimale de vos verres et montures, tout en offrant un design inspir\u00e9 et moderne.<\/p>\n<p>&nbsp;<\/p>\n<p>Fabriqu\u00e9 en m\u00e9tal l\u00e9ger et durable, l\u2019\u00e9tui s\u2019ouvre et se ferme facilement gr\u00e2ce \u00e0 sa charni\u00e8re solide. Son int\u00e9rieur est doubl\u00e9 d\u2019un rev\u00eatement doux qui prot\u00e8ge vos lunettes des rayures. Compact et chic, il se glisse ais\u00e9ment dans un sac \u00e0 main, une poche ou une bo\u00eete \u00e0 gants.<\/p>\n","protected":false},"featured_media":7299,"template":"","meta":{"_acf_changed":false},"product_brand":[],"product_cat":[24],"product_tag":[],"class_list":{"0":"post-7298","1":"product","2":"type-product","3":"status-publish","4":"has-post-thumbnail","6":"product_cat-divers","8":"first","9":"instock","10":"taxable","11":"shipping-taxable","12":"purchasable","13":"product-type-simple"},"acf":[],"_links":{"self":[{"href":"https:\/\/claudemonetgiverny.fr\/en\/wp-json\/wp\/v2\/product\/7298","targetHints":{"allow":["GET"]}}],"collection":[{"href":"https:\/\/claudemonetgiverny.fr\/en\/wp-json\/wp\/v2\/product"}],"about":[{"href":"https:\/\/claudemonetgiverny.fr\/en\/wp-json\/wp\/v2\/types\/product"}],"wp:featuredmedia":[{"embeddable":true,"href":"https:\/\/claudemonetgiverny.fr\/en\/wp-json\/wp\/v2\/media\/7299"}],"wp:attachment":[{"href":"https:\/\/claudemonetgiverny.fr\/en\/wp-json\/wp\/v2\/media?parent=7298"}],"wp:term":[{"taxonomy":"product_brand","embeddable":true,"href":"https:\/\/claudemonetgiverny.fr\/en\/wp-json\/wp\/v2\/product_brand?post=7298"},{"taxonomy":"product_cat","embeddable":true,"href":"https:\/\/claudemonetgiverny.fr\/en\/wp-json\/wp\/v2\/product_cat?post=7298"},{"taxonomy":"product_tag","embeddable":true,"href":"https:\/\/claudemonetgiverny.fr\/en\/wp-json\/wp\/v2\/product_tag?post=7298"}],"curies":[{"name":"wp","href":"https:\/\/api.w.org\/{rel}","templated":true}]}}