{"id":7291,"date":"2025-11-26T04:41:48","date_gmt":"2025-11-26T03:41:48","guid":{"rendered":"https:\/\/claudemonetgiverny.fr\/?post_type=product&#038;p=7291"},"modified":"2026-03-24T15:43:24","modified_gmt":"2026-03-24T14:43:24","slug":"tapis-de-souris-claude-monet","status":"publish","type":"product","link":"https:\/\/claudemonetgiverny.fr\/en\/produit\/tapis-de-souris-claude-monet\/","title":{"rendered":"Tapis de souris CLAUDE MONET"},"content":{"rendered":"","protected":false},"excerpt":{"rendered":"<p>Apportez une touche d\u2019art et de po\u00e9sie \u00e0 votre espace de travail avec ce tapis de souris \u00e0 l&#8217;\u00e9ffigie de Claude Monet. Vibrant d\u2019impressions lumineuses et de couleurs d\u00e9licates, il transforme chaque geste en une parenth\u00e8se cr\u00e9ative et apaisante.<\/p>\n<p>&nbsp;<\/p>\n<p>Une v\u00e9ritable pi\u00e8ce d\u00e9corative qui invite \u00e0 la contemplation tout en stimulant l\u2019inspiration au quotidien.<\/p>\n<p>&nbsp;<\/p>\n<p>Con\u00e7u pour allier esth\u00e9tique et confort, ce tapis de souris offre une surface lisse et pr\u00e9cise, id\u00e9ale pour tous types de souris, ainsi qu\u2019une base antid\u00e9rapante assurant une parfaite stabilit\u00e9.<\/p>\n","protected":false},"featured_media":7293,"template":"","meta":{"_acf_changed":false},"product_brand":[],"product_cat":[24],"product_tag":[],"class_list":{"0":"post-7291","1":"product","2":"type-product","3":"status-publish","4":"has-post-thumbnail","6":"product_cat-divers","8":"first","9":"instock","10":"taxable","11":"shipping-taxable","12":"purchasable","13":"product-type-simple"},"acf":[],"_links":{"self":[{"href":"https:\/\/claudemonetgiverny.fr\/en\/wp-json\/wp\/v2\/product\/7291","targetHints":{"allow":["GET"]}}],"collection":[{"href":"https:\/\/claudemonetgiverny.fr\/en\/wp-json\/wp\/v2\/product"}],"about":[{"href":"https:\/\/claudemonetgiverny.fr\/en\/wp-json\/wp\/v2\/types\/product"}],"wp:featuredmedia":[{"embeddable":true,"href":"https:\/\/claudemonetgiverny.fr\/en\/wp-json\/wp\/v2\/media\/7293"}],"wp:attachment":[{"href":"https:\/\/claudemonetgiverny.fr\/en\/wp-json\/wp\/v2\/media?parent=7291"}],"wp:term":[{"taxonomy":"product_brand","embeddable":true,"href":"https:\/\/claudemonetgiverny.fr\/en\/wp-json\/wp\/v2\/product_brand?post=7291"},{"taxonomy":"product_cat","embeddable":true,"href":"https:\/\/claudemonetgiverny.fr\/en\/wp-json\/wp\/v2\/product_cat?post=7291"},{"taxonomy":"product_tag","embeddable":true,"href":"https:\/\/claudemonetgiverny.fr\/en\/wp-json\/wp\/v2\/product_tag?post=7291"}],"curies":[{"name":"wp","href":"https:\/\/api.w.org\/{rel}","templated":true}]}}