{"id":7286,"date":"2025-11-26T04:36:43","date_gmt":"2025-11-26T03:36:43","guid":{"rendered":"https:\/\/claudemonetgiverny.fr\/?post_type=product&#038;p=7286"},"modified":"2025-12-17T10:59:01","modified_gmt":"2025-12-17T09:59:01","slug":"foulard-impression-soleil-levant-brochier-soieries","status":"publish","type":"product","link":"https:\/\/claudemonetgiverny.fr\/en\/produit\/foulard-impression-soleil-levant-brochier-soieries\/","title":{"rendered":"Foulard Impression soleil levant &#8211; Brochier soieries"},"content":{"rendered":"","protected":false},"excerpt":{"rendered":"<p>Laissez-vous envelopper par la douceur lumineuse du foulard Impression Soleil Levant, une pi\u00e8ce en soie pure imagin\u00e9e. Sa texture d\u00e9licate, fluide et soyeuse glisse sur la peau avec une l\u00e9g\u00e8ret\u00e9 incomparable, apportant imm\u00e9diatement une touche de raffinement \u00e0 toutes vos tenues.<\/p>\n<p>&nbsp;<\/p>\n<p>Son motif, m\u00eale nuances chaudes et \u00e9clats dor\u00e9s dans un jeu subtil de transparence et de mouvement. Une cr\u00e9ation qui capture l\u2019instant suspendu entre nuit et jour, symbole d\u2019\u00e9lan, de douceur et de renouveau.<\/p>\n<p>Polyvalent et intemporel, ce foulard se porte aussi bien autour du cou que drap\u00e9 sur les \u00e9paules, nou\u00e9 dans les cheveux ou accroch\u00e9 \u00e0 un sac pour illuminer votre style d\u2019une note po\u00e9tique.<\/p>\n","protected":false},"featured_media":7289,"template":"","meta":{"_acf_changed":false},"product_brand":[],"product_cat":[22],"product_tag":[],"class_list":{"0":"post-7286","1":"product","2":"type-product","3":"status-publish","4":"has-post-thumbnail","6":"product_cat-textile","8":"first","9":"instock","10":"taxable","11":"shipping-taxable","12":"purchasable","13":"product-type-simple"},"acf":[],"_links":{"self":[{"href":"https:\/\/claudemonetgiverny.fr\/en\/wp-json\/wp\/v2\/product\/7286","targetHints":{"allow":["GET"]}}],"collection":[{"href":"https:\/\/claudemonetgiverny.fr\/en\/wp-json\/wp\/v2\/product"}],"about":[{"href":"https:\/\/claudemonetgiverny.fr\/en\/wp-json\/wp\/v2\/types\/product"}],"wp:featuredmedia":[{"embeddable":true,"href":"https:\/\/claudemonetgiverny.fr\/en\/wp-json\/wp\/v2\/media\/7289"}],"wp:attachment":[{"href":"https:\/\/claudemonetgiverny.fr\/en\/wp-json\/wp\/v2\/media?parent=7286"}],"wp:term":[{"taxonomy":"product_brand","embeddable":true,"href":"https:\/\/claudemonetgiverny.fr\/en\/wp-json\/wp\/v2\/product_brand?post=7286"},{"taxonomy":"product_cat","embeddable":true,"href":"https:\/\/claudemonetgiverny.fr\/en\/wp-json\/wp\/v2\/product_cat?post=7286"},{"taxonomy":"product_tag","embeddable":true,"href":"https:\/\/claudemonetgiverny.fr\/en\/wp-json\/wp\/v2\/product_tag?post=7286"}],"curies":[{"name":"wp","href":"https:\/\/api.w.org\/{rel}","templated":true}]}}