{"id":722,"date":"2019-03-18T15:40:47","date_gmt":"2019-03-18T14:40:47","guid":{"rendered":"https:\/\/claude-monet-giverny.fr\/?post_type=product&#038;p=722"},"modified":"2026-03-24T15:43:24","modified_gmt":"2026-03-24T14:43:24","slug":"dvd-secret-dhistoire-claude-monet-jardins-secrets-a-giverny","status":"publish","type":"product","link":"https:\/\/claudemonetgiverny.fr\/en\/produit\/dvd-secret-dhistoire-claude-monet-jardins-secrets-a-giverny\/","title":{"rendered":"DVD Secret d\u2019histoire \u2013 Claude Monet Jardins Secrets \u00e0 Giverny"},"content":{"rendered":"","protected":false},"excerpt":{"rendered":"<p style=\"color: #000;text-align: justify\"><img decoding=\"async\" src=\"https:\/\/web.archive.org\/web\/20170822210927im_\/https:\/\/claude-monet-giverny.fr\/wp-content\/plugins\/sitepress-multilingual-cms\/res\/flags\/en.png\" alt=\"\" \/> Sous-titr\u00e9 en Anglais<br \/>\nJardins Secrets \u00e0 Giverny. Secrets d&#8217;histoire dresse le portrait de l&#8217;homme qui se cache derri\u00e8re le c\u00e9l\u00e8bre peintre Claude Monet. P\u00e8re de l&#8217;impressionnisme, amoureux des femmes et obs\u00e9d\u00e9 par la lumi\u00e8re de l&#8217;instant pr\u00e9sent, sa vie est \u00e0 son image: aussi tumultueuse que color\u00e9e. Entre Giverny, Etretat et Venise, Secrets d&#8217;Histoire vous invite \u00e0 d\u00e9couvrir des lieux qui ont marqu\u00e9 le destin de ce g\u00e9nie de la lumi\u00e8re.<\/p>\n","protected":false},"featured_media":723,"template":"","meta":{"_acf_changed":false},"product_brand":[],"product_cat":[21],"product_tag":[],"class_list":{"0":"post-722","1":"product","2":"type-product","3":"status-publish","4":"has-post-thumbnail","6":"product_cat-dvd","8":"first","9":"instock","10":"taxable","11":"shipping-taxable","12":"purchasable","13":"product-type-simple"},"acf":[],"_links":{"self":[{"href":"https:\/\/claudemonetgiverny.fr\/en\/wp-json\/wp\/v2\/product\/722","targetHints":{"allow":["GET"]}}],"collection":[{"href":"https:\/\/claudemonetgiverny.fr\/en\/wp-json\/wp\/v2\/product"}],"about":[{"href":"https:\/\/claudemonetgiverny.fr\/en\/wp-json\/wp\/v2\/types\/product"}],"wp:featuredmedia":[{"embeddable":true,"href":"https:\/\/claudemonetgiverny.fr\/en\/wp-json\/wp\/v2\/media\/723"}],"wp:attachment":[{"href":"https:\/\/claudemonetgiverny.fr\/en\/wp-json\/wp\/v2\/media?parent=722"}],"wp:term":[{"taxonomy":"product_brand","embeddable":true,"href":"https:\/\/claudemonetgiverny.fr\/en\/wp-json\/wp\/v2\/product_brand?post=722"},{"taxonomy":"product_cat","embeddable":true,"href":"https:\/\/claudemonetgiverny.fr\/en\/wp-json\/wp\/v2\/product_cat?post=722"},{"taxonomy":"product_tag","embeddable":true,"href":"https:\/\/claudemonetgiverny.fr\/en\/wp-json\/wp\/v2\/product_tag?post=722"}],"curies":[{"name":"wp","href":"https:\/\/api.w.org\/{rel}","templated":true}]}}