{"id":7053,"date":"2025-06-17T09:48:26","date_gmt":"2025-06-17T07:48:26","guid":{"rendered":"https:\/\/claudemonetgiverny.fr\/?post_type=product&#038;p=7053"},"modified":"2025-12-17T10:57:50","modified_gmt":"2025-12-17T09:57:50","slug":"sac-big-bac-nymphea-saule","status":"publish","type":"product","link":"https:\/\/claudemonetgiverny.fr\/en\/produit\/sac-big-bac-nymphea-saule\/","title":{"rendered":"Sac big bac &#8211; nymph\u00e9a Saule"},"content":{"rendered":"","protected":false},"excerpt":{"rendered":"<p>Alliez style et fonctionnalit\u00e9 avec ce grand sac en coton au motif po\u00e9tique Nymph\u00e9a Saule. Avec ses dimensions g\u00e9n\u00e9reuses de 38 x 44 cm et sa conception 100% coton, il est id\u00e9al pour vos courses, sorties, week-ends ou moments cr\u00e9atifs.<\/p>\n<p>L\u00e9ger mais robuste, ce sac allie \u00e9l\u00e9gance naturelle et grande capacit\u00e9 de rangement. Son imprim\u00e9 d\u00e9licat apporte une touche artistique \u00e0 votre quotidien.<\/p>\n","protected":false},"featured_media":7009,"template":"","meta":{"_acf_changed":false},"product_brand":[],"product_cat":[22],"product_tag":[],"class_list":{"0":"post-7053","1":"product","2":"type-product","3":"status-publish","4":"has-post-thumbnail","6":"product_cat-textile","8":"first","9":"instock","10":"taxable","11":"shipping-taxable","12":"purchasable","13":"product-type-simple"},"acf":[],"_links":{"self":[{"href":"https:\/\/claudemonetgiverny.fr\/en\/wp-json\/wp\/v2\/product\/7053","targetHints":{"allow":["GET"]}}],"collection":[{"href":"https:\/\/claudemonetgiverny.fr\/en\/wp-json\/wp\/v2\/product"}],"about":[{"href":"https:\/\/claudemonetgiverny.fr\/en\/wp-json\/wp\/v2\/types\/product"}],"wp:featuredmedia":[{"embeddable":true,"href":"https:\/\/claudemonetgiverny.fr\/en\/wp-json\/wp\/v2\/media\/7009"}],"wp:attachment":[{"href":"https:\/\/claudemonetgiverny.fr\/en\/wp-json\/wp\/v2\/media?parent=7053"}],"wp:term":[{"taxonomy":"product_brand","embeddable":true,"href":"https:\/\/claudemonetgiverny.fr\/en\/wp-json\/wp\/v2\/product_brand?post=7053"},{"taxonomy":"product_cat","embeddable":true,"href":"https:\/\/claudemonetgiverny.fr\/en\/wp-json\/wp\/v2\/product_cat?post=7053"},{"taxonomy":"product_tag","embeddable":true,"href":"https:\/\/claudemonetgiverny.fr\/en\/wp-json\/wp\/v2\/product_tag?post=7053"}],"curies":[{"name":"wp","href":"https:\/\/api.w.org\/{rel}","templated":true}]}}