{"id":7052,"date":"2025-06-17T09:56:31","date_gmt":"2025-06-17T07:56:31","guid":{"rendered":"https:\/\/claudemonetgiverny.fr\/?post_type=product&#038;p=7052"},"modified":"2026-01-31T23:14:49","modified_gmt":"2026-01-31T22:14:49","slug":"pochette-a-elastiques-nymphea-saule","status":"publish","type":"product","link":"https:\/\/claudemonetgiverny.fr\/en\/produit\/pochette-a-elastiques-nymphea-saule\/","title":{"rendered":"Pochette \u00e0 \u00e9lastiques &#8211; Nymph\u00e9a saule"},"content":{"rendered":"","protected":false},"excerpt":{"rendered":"<p>Prot\u00e9gez et organisez vos documents avec \u00e9l\u00e9gance gr\u00e2ce \u00e0 cette pochette \u00e0 \u00e9lastiques au motif doux et v\u00e9g\u00e9tal Nymph\u00e9a Saule. Id\u00e9ale pour ranger vos feuilles A4, dossiers, dessins ou notes, elle allie praticit\u00e9 et esth\u00e9tique raffin\u00e9e.<\/p>\n<p>Elle vous accompagnera facilement au bureau, \u00e0 l\u2019\u00e9cole ou \u00e0 la maison. Sa fermeture par \u00e9lastiques permet de maintenir vos papiers bien en place.<\/p>\n","protected":false},"featured_media":7003,"template":"","meta":{"_acf_changed":false},"product_brand":[],"product_cat":[23],"product_tag":[],"class_list":{"0":"post-7052","1":"product","2":"type-product","3":"status-publish","4":"has-post-thumbnail","6":"product_cat-papeterie","8":"first","9":"outofstock","10":"taxable","11":"shipping-taxable","12":"purchasable","13":"product-type-simple"},"acf":[],"_links":{"self":[{"href":"https:\/\/claudemonetgiverny.fr\/en\/wp-json\/wp\/v2\/product\/7052","targetHints":{"allow":["GET"]}}],"collection":[{"href":"https:\/\/claudemonetgiverny.fr\/en\/wp-json\/wp\/v2\/product"}],"about":[{"href":"https:\/\/claudemonetgiverny.fr\/en\/wp-json\/wp\/v2\/types\/product"}],"wp:featuredmedia":[{"embeddable":true,"href":"https:\/\/claudemonetgiverny.fr\/en\/wp-json\/wp\/v2\/media\/7003"}],"wp:attachment":[{"href":"https:\/\/claudemonetgiverny.fr\/en\/wp-json\/wp\/v2\/media?parent=7052"}],"wp:term":[{"taxonomy":"product_brand","embeddable":true,"href":"https:\/\/claudemonetgiverny.fr\/en\/wp-json\/wp\/v2\/product_brand?post=7052"},{"taxonomy":"product_cat","embeddable":true,"href":"https:\/\/claudemonetgiverny.fr\/en\/wp-json\/wp\/v2\/product_cat?post=7052"},{"taxonomy":"product_tag","embeddable":true,"href":"https:\/\/claudemonetgiverny.fr\/en\/wp-json\/wp\/v2\/product_tag?post=7052"}],"curies":[{"name":"wp","href":"https:\/\/api.w.org\/{rel}","templated":true}]}}