{"id":7051,"date":"2025-06-17T09:53:33","date_gmt":"2025-06-17T07:53:33","guid":{"rendered":"https:\/\/claudemonetgiverny.fr\/?post_type=product&#038;p=7051"},"modified":"2025-12-17T10:58:31","modified_gmt":"2025-12-17T09:58:31","slug":"bloc-de-dessin-a4-effet-du-soir","status":"publish","type":"product","link":"https:\/\/claudemonetgiverny.fr\/en\/produit\/bloc-de-dessin-a4-effet-du-soir\/","title":{"rendered":"Bloc de dessin A4 \u2013 Effet du soir"},"content":{"rendered":"","protected":false},"excerpt":{"rendered":"<p>Exprimez toute votre cr\u00e9ativit\u00e9 avec ce bloc de dessin A4 au design po\u00e9tique &#8220;Effet du soir&#8221;, sp\u00e9cialement con\u00e7u pour le crayon, pastel, sanguine et autres techniques s\u00e8ches.<\/p>\n<p>Avec un papier de qualit\u00e9 170 g\/m\u00b2, il offre une excellente tenue et un beau rendu des traits. Son format standard 21 x 29,7 x 1 cm et son poids de 458 g en font un support solide et agr\u00e9able \u00e0 utiliser, que vous soyez d\u00e9butant ou artiste confirm\u00e9.<\/p>\n","protected":false},"featured_media":7011,"template":"","meta":{"_acf_changed":false},"product_brand":[],"product_cat":[23],"product_tag":[],"class_list":{"0":"post-7051","1":"product","2":"type-product","3":"status-publish","4":"has-post-thumbnail","6":"product_cat-papeterie","8":"first","9":"instock","10":"taxable","11":"shipping-taxable","12":"purchasable","13":"product-type-simple"},"acf":[],"_links":{"self":[{"href":"https:\/\/claudemonetgiverny.fr\/en\/wp-json\/wp\/v2\/product\/7051","targetHints":{"allow":["GET"]}}],"collection":[{"href":"https:\/\/claudemonetgiverny.fr\/en\/wp-json\/wp\/v2\/product"}],"about":[{"href":"https:\/\/claudemonetgiverny.fr\/en\/wp-json\/wp\/v2\/types\/product"}],"wp:featuredmedia":[{"embeddable":true,"href":"https:\/\/claudemonetgiverny.fr\/en\/wp-json\/wp\/v2\/media\/7011"}],"wp:attachment":[{"href":"https:\/\/claudemonetgiverny.fr\/en\/wp-json\/wp\/v2\/media?parent=7051"}],"wp:term":[{"taxonomy":"product_brand","embeddable":true,"href":"https:\/\/claudemonetgiverny.fr\/en\/wp-json\/wp\/v2\/product_brand?post=7051"},{"taxonomy":"product_cat","embeddable":true,"href":"https:\/\/claudemonetgiverny.fr\/en\/wp-json\/wp\/v2\/product_cat?post=7051"},{"taxonomy":"product_tag","embeddable":true,"href":"https:\/\/claudemonetgiverny.fr\/en\/wp-json\/wp\/v2\/product_tag?post=7051"}],"curies":[{"name":"wp","href":"https:\/\/api.w.org\/{rel}","templated":true}]}}