{"id":7050,"date":"2025-06-17T09:49:20","date_gmt":"2025-06-17T07:49:20","guid":{"rendered":"https:\/\/claudemonetgiverny.fr\/?post_type=product&#038;p=7050"},"modified":"2026-01-31T23:14:50","modified_gmt":"2026-01-31T22:14:50","slug":"carnet-de-notes-a5-avec-elastique-nymphea-saule","status":"publish","type":"product","link":"https:\/\/claudemonetgiverny.fr\/en\/produit\/carnet-de-notes-a5-avec-elastique-nymphea-saule\/","title":{"rendered":"Carnet de notes A5 avec \u00e9lastique \u2013 Nymph\u00e9a saule"},"content":{"rendered":"","protected":false},"excerpt":{"rendered":"<p>Laissez libre cours \u00e0 vos pens\u00e9es, id\u00e9es et projets dans ce carnet de notes A5 au tr\u00e8s joli motif Nymph\u00e9a Saule. Dot\u00e9 d\u2019une fermeture par \u00e9lastique, il garde vos pages bien prot\u00e9g\u00e9es, que ce soit \u00e0 la maison, au bureau ou en d\u00e9placement.<\/p>\n<p>Avec ses dimensions pratiques<strong>, <\/strong>ce carnet est parfait pour l\u2019\u00e9criture quotidienne, les prises de notes ou les inspirations cr\u00e9atives. Son format A5 allie confort d\u2019\u00e9criture et facilit\u00e9 de transport.<\/p>\n","protected":false},"featured_media":7035,"template":"","meta":{"_acf_changed":false},"product_brand":[],"product_cat":[23],"product_tag":[],"class_list":{"0":"post-7050","1":"product","2":"type-product","3":"status-publish","4":"has-post-thumbnail","6":"product_cat-papeterie","8":"first","9":"outofstock","10":"taxable","11":"shipping-taxable","12":"purchasable","13":"product-type-simple"},"acf":[],"_links":{"self":[{"href":"https:\/\/claudemonetgiverny.fr\/en\/wp-json\/wp\/v2\/product\/7050","targetHints":{"allow":["GET"]}}],"collection":[{"href":"https:\/\/claudemonetgiverny.fr\/en\/wp-json\/wp\/v2\/product"}],"about":[{"href":"https:\/\/claudemonetgiverny.fr\/en\/wp-json\/wp\/v2\/types\/product"}],"wp:featuredmedia":[{"embeddable":true,"href":"https:\/\/claudemonetgiverny.fr\/en\/wp-json\/wp\/v2\/media\/7035"}],"wp:attachment":[{"href":"https:\/\/claudemonetgiverny.fr\/en\/wp-json\/wp\/v2\/media?parent=7050"}],"wp:term":[{"taxonomy":"product_brand","embeddable":true,"href":"https:\/\/claudemonetgiverny.fr\/en\/wp-json\/wp\/v2\/product_brand?post=7050"},{"taxonomy":"product_cat","embeddable":true,"href":"https:\/\/claudemonetgiverny.fr\/en\/wp-json\/wp\/v2\/product_cat?post=7050"},{"taxonomy":"product_tag","embeddable":true,"href":"https:\/\/claudemonetgiverny.fr\/en\/wp-json\/wp\/v2\/product_tag?post=7050"}],"curies":[{"name":"wp","href":"https:\/\/api.w.org\/{rel}","templated":true}]}}