{"id":7048,"date":"2025-06-17T09:50:29","date_gmt":"2025-06-17T07:50:29","guid":{"rendered":"https:\/\/claudemonetgiverny.fr\/?post_type=product&#038;p=7048"},"modified":"2025-12-17T10:57:44","modified_gmt":"2025-12-17T09:57:44","slug":"boite-de-12-crayons-de-couleurs-nymphea-saule","status":"publish","type":"product","link":"https:\/\/claudemonetgiverny.fr\/en\/produit\/boite-de-12-crayons-de-couleurs-nymphea-saule\/","title":{"rendered":"Boite de 12 crayons de couleurs \u2013 Nymph\u00e9a saule"},"content":{"rendered":"","protected":false},"excerpt":{"rendered":"<p>Offrez-vous un moment de cr\u00e9ativit\u00e9 avec cette \u00e9l\u00e9gante bo\u00eete de 12 crayons de couleur au design raffin\u00e9 Nymph\u00e9a Saule. Pr\u00e9sent\u00e9s dans un \u00e9tui en m\u00e9tal, ces crayons allient qualit\u00e9, douceur de trait et esth\u00e9tique po\u00e9tique.<\/p>\n<p>Parfaite pour les amateurs de dessin, les passionn\u00e9s de coloriage ou comme id\u00e9e cadeau, cette bo\u00eete compacte se glisse facilement dans un sac ou un tiroir d\u2019artiste.<\/p>\n","protected":false},"featured_media":7013,"template":"","meta":{"_acf_changed":false},"product_brand":[],"product_cat":[24],"product_tag":[],"class_list":{"0":"post-7048","1":"product","2":"type-product","3":"status-publish","4":"has-post-thumbnail","6":"product_cat-divers","8":"first","9":"instock","10":"taxable","11":"shipping-taxable","12":"purchasable","13":"product-type-simple"},"acf":[],"_links":{"self":[{"href":"https:\/\/claudemonetgiverny.fr\/en\/wp-json\/wp\/v2\/product\/7048","targetHints":{"allow":["GET"]}}],"collection":[{"href":"https:\/\/claudemonetgiverny.fr\/en\/wp-json\/wp\/v2\/product"}],"about":[{"href":"https:\/\/claudemonetgiverny.fr\/en\/wp-json\/wp\/v2\/types\/product"}],"wp:featuredmedia":[{"embeddable":true,"href":"https:\/\/claudemonetgiverny.fr\/en\/wp-json\/wp\/v2\/media\/7013"}],"wp:attachment":[{"href":"https:\/\/claudemonetgiverny.fr\/en\/wp-json\/wp\/v2\/media?parent=7048"}],"wp:term":[{"taxonomy":"product_brand","embeddable":true,"href":"https:\/\/claudemonetgiverny.fr\/en\/wp-json\/wp\/v2\/product_brand?post=7048"},{"taxonomy":"product_cat","embeddable":true,"href":"https:\/\/claudemonetgiverny.fr\/en\/wp-json\/wp\/v2\/product_cat?post=7048"},{"taxonomy":"product_tag","embeddable":true,"href":"https:\/\/claudemonetgiverny.fr\/en\/wp-json\/wp\/v2\/product_tag?post=7048"}],"curies":[{"name":"wp","href":"https:\/\/api.w.org\/{rel}","templated":true}]}}