{"id":7047,"date":"2025-06-17T09:50:52","date_gmt":"2025-06-17T07:50:52","guid":{"rendered":"https:\/\/claudemonetgiverny.fr\/?post_type=product&#038;p=7047"},"modified":"2025-12-17T10:56:13","modified_gmt":"2025-12-17T09:56:13","slug":"claude-monet-georges-clemenceau-une-histoire-deux-caracteres","status":"publish","type":"product","link":"https:\/\/claudemonetgiverny.fr\/en\/produit\/claude-monet-georges-clemenceau-une-histoire-deux-caracteres\/","title":{"rendered":"Claude Monet \u2013 Georges Clemenceau : une histoire, deux caract\u00e8res"},"content":{"rendered":"","protected":false},"excerpt":{"rendered":"<p>Claude Monet et Georges Clemenceau, c&#8217;est l&#8217;histoire de deux caract\u00e8res volcaniques et intransigeants au service de deux aventures uniques : celle de l&#8217;Impressionnisme et celle de la R\u00e9publique. Deux aventures qu&#8217;ils ont men\u00e9es, l&#8217;un et l&#8217;autre, comme chefs de file. Contre les conservatismes et contre les conformismes. Monet imposant un mouvement esth\u00e9tique que beaucoup, \u00e0 juste titre, consid\u00e8rent comme une nouvelle Renaissance. Fran\u00e7aise celle-l\u00e0. Clemenceau bataillant pour asseoir la R\u00e9publique sur des principes et des valeurs fond\u00e9s sur la libert\u00e9 int\u00e9grale de l&#8217;individu. L&#8217;amiti\u00e9 de combat de Clemenceau et de Monet s&#8217;est nourrie de deux lumi\u00e8res au service d&#8217;une certaine id\u00e9e de la France : libert\u00e9 de cr\u00e9er, libert\u00e9 de vivre.<\/p>\n","protected":false},"featured_media":7027,"template":"","meta":{"_acf_changed":false},"product_brand":[],"product_cat":[18],"product_tag":[],"class_list":{"0":"post-7047","1":"product","2":"type-product","3":"status-publish","4":"has-post-thumbnail","6":"product_cat-livres","8":"first","9":"instock","10":"taxable","11":"shipping-taxable","12":"purchasable","13":"product-type-simple"},"acf":[],"_links":{"self":[{"href":"https:\/\/claudemonetgiverny.fr\/en\/wp-json\/wp\/v2\/product\/7047","targetHints":{"allow":["GET"]}}],"collection":[{"href":"https:\/\/claudemonetgiverny.fr\/en\/wp-json\/wp\/v2\/product"}],"about":[{"href":"https:\/\/claudemonetgiverny.fr\/en\/wp-json\/wp\/v2\/types\/product"}],"wp:featuredmedia":[{"embeddable":true,"href":"https:\/\/claudemonetgiverny.fr\/en\/wp-json\/wp\/v2\/media\/7027"}],"wp:attachment":[{"href":"https:\/\/claudemonetgiverny.fr\/en\/wp-json\/wp\/v2\/media?parent=7047"}],"wp:term":[{"taxonomy":"product_brand","embeddable":true,"href":"https:\/\/claudemonetgiverny.fr\/en\/wp-json\/wp\/v2\/product_brand?post=7047"},{"taxonomy":"product_cat","embeddable":true,"href":"https:\/\/claudemonetgiverny.fr\/en\/wp-json\/wp\/v2\/product_cat?post=7047"},{"taxonomy":"product_tag","embeddable":true,"href":"https:\/\/claudemonetgiverny.fr\/en\/wp-json\/wp\/v2\/product_tag?post=7047"}],"curies":[{"name":"wp","href":"https:\/\/api.w.org\/{rel}","templated":true}]}}