{"id":7046,"date":"2025-06-17T09:51:23","date_gmt":"2025-06-17T07:51:23","guid":{"rendered":"https:\/\/claudemonetgiverny.fr\/?post_type=product&#038;p=7046"},"modified":"2026-02-15T16:42:07","modified_gmt":"2026-02-15T15:42:07","slug":"etui-lunettes-metal-effet-du-soir","status":"publish","type":"product","link":"https:\/\/claudemonetgiverny.fr\/en\/produit\/etui-lunettes-metal-effet-du-soir\/","title":{"rendered":"Etui lunettes m\u00e9tal \u2013 Effet du soir"},"content":{"rendered":"","protected":false},"excerpt":{"rendered":"<p>Alliez protection et \u00e9l\u00e9gance avec cet \u00e9tui \u00e0 lunettes en m\u00e9tal au design raffin\u00e9 &#8220;Effet du soir&#8221;. \u00c0 la fois l\u00e9ger et r\u00e9sistant, il prot\u00e8ge efficacement vos lunettes contre les rayures et les chocs du quotidien.<\/p>\n<p>Avec son format pratique, il se glisse facilement dans un sac, une pochette ou une bo\u00eete \u00e0 gants. Son motif subtil et po\u00e9tique en fait un accessoire aussi fonctionnel que d\u00e9coratif.<\/p>\n","protected":false},"featured_media":7019,"template":"","meta":{"_acf_changed":false},"product_brand":[],"product_cat":[24],"product_tag":[],"class_list":{"0":"post-7046","1":"product","2":"type-product","3":"status-publish","4":"has-post-thumbnail","6":"product_cat-divers","8":"first","9":"instock","10":"taxable","11":"shipping-taxable","12":"purchasable","13":"product-type-simple"},"acf":[],"_links":{"self":[{"href":"https:\/\/claudemonetgiverny.fr\/en\/wp-json\/wp\/v2\/product\/7046","targetHints":{"allow":["GET"]}}],"collection":[{"href":"https:\/\/claudemonetgiverny.fr\/en\/wp-json\/wp\/v2\/product"}],"about":[{"href":"https:\/\/claudemonetgiverny.fr\/en\/wp-json\/wp\/v2\/types\/product"}],"wp:featuredmedia":[{"embeddable":true,"href":"https:\/\/claudemonetgiverny.fr\/en\/wp-json\/wp\/v2\/media\/7019"}],"wp:attachment":[{"href":"https:\/\/claudemonetgiverny.fr\/en\/wp-json\/wp\/v2\/media?parent=7046"}],"wp:term":[{"taxonomy":"product_brand","embeddable":true,"href":"https:\/\/claudemonetgiverny.fr\/en\/wp-json\/wp\/v2\/product_brand?post=7046"},{"taxonomy":"product_cat","embeddable":true,"href":"https:\/\/claudemonetgiverny.fr\/en\/wp-json\/wp\/v2\/product_cat?post=7046"},{"taxonomy":"product_tag","embeddable":true,"href":"https:\/\/claudemonetgiverny.fr\/en\/wp-json\/wp\/v2\/product_tag?post=7046"}],"curies":[{"name":"wp","href":"https:\/\/api.w.org\/{rel}","templated":true}]}}