{"id":7045,"date":"2025-06-17T09:51:47","date_gmt":"2025-06-17T07:51:47","guid":{"rendered":"https:\/\/claudemonetgiverny.fr\/?post_type=product&#038;p=7045"},"modified":"2025-12-18T09:18:29","modified_gmt":"2025-12-18T08:18:29","slug":"boite-sucrette-metal-nymphea-saule","status":"publish","type":"product","link":"https:\/\/claudemonetgiverny.fr\/en\/produit\/boite-sucrette-metal-nymphea-saule\/","title":{"rendered":"Boite sucrette m\u00e9tal \u2013 Nymph\u00e9a saule"},"content":{"rendered":"","protected":false},"excerpt":{"rendered":"<p>Apportez une touche de charme et de po\u00e9sie \u00e0 votre int\u00e9rieur avec cette bo\u00eete sucrette en m\u00e9tal arborant le design Nymph\u00e9a Saule. Parfaite pour ranger vos petits tr\u00e9sors, sachets de th\u00e9, bonbons ou accessoires du quotidien.<\/p>\n<p>Avec sa petite taille, elle se glisse facilement dans un tiroir, une \u00e9tag\u00e8re ou sur un plan de travail, tout en apportant une note d\u00e9corative douce et \u00e9l\u00e9gante.<\/p>\n","protected":false},"featured_media":7021,"template":"","meta":{"_acf_changed":false},"product_brand":[],"product_cat":[24],"product_tag":[],"class_list":{"0":"post-7045","1":"product","2":"type-product","3":"status-publish","4":"has-post-thumbnail","6":"product_cat-divers","8":"first","9":"instock","10":"taxable","11":"shipping-taxable","12":"purchasable","13":"product-type-simple"},"acf":[],"_links":{"self":[{"href":"https:\/\/claudemonetgiverny.fr\/en\/wp-json\/wp\/v2\/product\/7045","targetHints":{"allow":["GET"]}}],"collection":[{"href":"https:\/\/claudemonetgiverny.fr\/en\/wp-json\/wp\/v2\/product"}],"about":[{"href":"https:\/\/claudemonetgiverny.fr\/en\/wp-json\/wp\/v2\/types\/product"}],"wp:featuredmedia":[{"embeddable":true,"href":"https:\/\/claudemonetgiverny.fr\/en\/wp-json\/wp\/v2\/media\/7021"}],"wp:attachment":[{"href":"https:\/\/claudemonetgiverny.fr\/en\/wp-json\/wp\/v2\/media?parent=7045"}],"wp:term":[{"taxonomy":"product_brand","embeddable":true,"href":"https:\/\/claudemonetgiverny.fr\/en\/wp-json\/wp\/v2\/product_brand?post=7045"},{"taxonomy":"product_cat","embeddable":true,"href":"https:\/\/claudemonetgiverny.fr\/en\/wp-json\/wp\/v2\/product_cat?post=7045"},{"taxonomy":"product_tag","embeddable":true,"href":"https:\/\/claudemonetgiverny.fr\/en\/wp-json\/wp\/v2\/product_tag?post=7045"}],"curies":[{"name":"wp","href":"https:\/\/api.w.org\/{rel}","templated":true}]}}