{"id":7002,"date":"2025-06-17T09:52:16","date_gmt":"2025-06-17T07:52:16","guid":{"rendered":"https:\/\/claudemonetgiverny.fr\/?post_type=product&#038;p=7002"},"modified":"2025-12-17T10:58:16","modified_gmt":"2025-12-17T09:58:16","slug":"livre-nympheas-noir","status":"publish","type":"product","link":"https:\/\/claudemonetgiverny.fr\/en\/produit\/livre-nympheas-noir\/","title":{"rendered":"Livre Nymph\u00e9as noir"},"content":{"rendered":"","protected":false},"excerpt":{"rendered":"<p>Le jour parait sur Giverny. Du haut de son moulin, une vieille dame veille, surveille. Le quotidien du village, les cars de touristes\u2026 Des silhouettes et des vies.<\/p>\n<p>Deux femmes, en particulier, se d\u00e9tachent\u00a0: l\u2019une, les yeux couleur nymph\u00e9a, r\u00eave d\u2019amour et d\u2019\u00e9vasion\u00a0; l\u2019autre, onze ans, ne vit d\u00e9j\u00e0 que pour la peinture.<\/p>\n<p>Deux femmes qui vont se trouver au c\u0153ur d\u2019un tourbillon orageux. Car dans le village de Monet, ou chacun est une \u00e9nigme, ou chaque \u00e2me a son secret, des drames vont venir diluer les illusions et raviver les blessures du pass\u00e9.<\/p>\n","protected":false},"featured_media":7041,"template":"","meta":{"_acf_changed":false},"product_brand":[],"product_cat":[18],"product_tag":[],"class_list":{"0":"post-7002","1":"product","2":"type-product","3":"status-publish","4":"has-post-thumbnail","6":"product_cat-livres","8":"first","9":"instock","10":"taxable","11":"shipping-taxable","12":"purchasable","13":"product-type-simple"},"acf":[],"_links":{"self":[{"href":"https:\/\/claudemonetgiverny.fr\/en\/wp-json\/wp\/v2\/product\/7002","targetHints":{"allow":["GET"]}}],"collection":[{"href":"https:\/\/claudemonetgiverny.fr\/en\/wp-json\/wp\/v2\/product"}],"about":[{"href":"https:\/\/claudemonetgiverny.fr\/en\/wp-json\/wp\/v2\/types\/product"}],"wp:featuredmedia":[{"embeddable":true,"href":"https:\/\/claudemonetgiverny.fr\/en\/wp-json\/wp\/v2\/media\/7041"}],"wp:attachment":[{"href":"https:\/\/claudemonetgiverny.fr\/en\/wp-json\/wp\/v2\/media?parent=7002"}],"wp:term":[{"taxonomy":"product_brand","embeddable":true,"href":"https:\/\/claudemonetgiverny.fr\/en\/wp-json\/wp\/v2\/product_brand?post=7002"},{"taxonomy":"product_cat","embeddable":true,"href":"https:\/\/claudemonetgiverny.fr\/en\/wp-json\/wp\/v2\/product_cat?post=7002"},{"taxonomy":"product_tag","embeddable":true,"href":"https:\/\/claudemonetgiverny.fr\/en\/wp-json\/wp\/v2\/product_tag?post=7002"}],"curies":[{"name":"wp","href":"https:\/\/api.w.org\/{rel}","templated":true}]}}