{"id":6997,"date":"2025-06-17T09:52:36","date_gmt":"2025-06-17T07:52:36","guid":{"rendered":"https:\/\/claudemonetgiverny.fr\/?post_type=product&#038;p=6997"},"modified":"2025-12-17T10:56:00","modified_gmt":"2025-12-17T09:56:00","slug":"torchon-eponge-vert","status":"publish","type":"product","link":"https:\/\/claudemonetgiverny.fr\/en\/produit\/torchon-eponge-vert\/","title":{"rendered":"Torchon \u00e9ponge vert"},"content":{"rendered":"","protected":false},"excerpt":{"rendered":"<p>Apportez une touche de fra\u00eecheur et de praticit\u00e9 \u00e0 votre cuisine avec ce torchon \u00e9ponge.<\/p>\n<p>Confectionn\u00e9 en 100% coton, il est \u00e0 la fois doux, absorbant et r\u00e9sistant, id\u00e9al pour un usage quotidien.<\/p>\n<p>Ce torchon assure un excellent pouvoir d\u2019absorption, parfait pour essuyer la vaisselle, les mains ou les surfaces. Son tissage \u00e9ponge lui conf\u00e8re une efficacit\u00e9 et une durabilit\u00e9 remarquables.<\/p>\n","protected":false},"featured_media":6998,"template":"","meta":{"_acf_changed":false},"product_brand":[],"product_cat":[22],"product_tag":[],"class_list":{"0":"post-6997","1":"product","2":"type-product","3":"status-publish","4":"has-post-thumbnail","6":"product_cat-textile","8":"first","9":"instock","10":"taxable","11":"shipping-taxable","12":"purchasable","13":"product-type-simple"},"acf":[],"_links":{"self":[{"href":"https:\/\/claudemonetgiverny.fr\/en\/wp-json\/wp\/v2\/product\/6997","targetHints":{"allow":["GET"]}}],"collection":[{"href":"https:\/\/claudemonetgiverny.fr\/en\/wp-json\/wp\/v2\/product"}],"about":[{"href":"https:\/\/claudemonetgiverny.fr\/en\/wp-json\/wp\/v2\/types\/product"}],"wp:featuredmedia":[{"embeddable":true,"href":"https:\/\/claudemonetgiverny.fr\/en\/wp-json\/wp\/v2\/media\/6998"}],"wp:attachment":[{"href":"https:\/\/claudemonetgiverny.fr\/en\/wp-json\/wp\/v2\/media?parent=6997"}],"wp:term":[{"taxonomy":"product_brand","embeddable":true,"href":"https:\/\/claudemonetgiverny.fr\/en\/wp-json\/wp\/v2\/product_brand?post=6997"},{"taxonomy":"product_cat","embeddable":true,"href":"https:\/\/claudemonetgiverny.fr\/en\/wp-json\/wp\/v2\/product_cat?post=6997"},{"taxonomy":"product_tag","embeddable":true,"href":"https:\/\/claudemonetgiverny.fr\/en\/wp-json\/wp\/v2\/product_tag?post=6997"}],"curies":[{"name":"wp","href":"https:\/\/api.w.org\/{rel}","templated":true}]}}