{"id":6432,"date":"2024-11-28T06:01:23","date_gmt":"2024-11-28T05:01:23","guid":{"rendered":"https:\/\/claudemonetgiverny.fr\/?post_type=product&#038;p=6432"},"modified":"2026-04-14T16:24:55","modified_gmt":"2026-04-14T14:24:55","slug":"chat-en-porcelaine-avec-coussin-vert","status":"publish","type":"product","link":"https:\/\/claudemonetgiverny.fr\/en\/produit\/chat-en-porcelaine-avec-coussin-vert\/","title":{"rendered":"Chat en porcelaine avec coussin vert"},"content":{"rendered":"","protected":false},"excerpt":{"rendered":"<p>Chaque \u00e9tape de la production est r\u00e9alis\u00e9e \u00e0 la main par du personnel hautement qualifi\u00e9.<br \/>\nLes figurines sont d\u00e9cor\u00e9es et peintes \u00e0 la main avec professionnalisme et un amour du d\u00e9tail tout particulier.<br \/>\nL&#8217;artisant se met au service de l&#8217;Art et l&#8217;Art vient \u00e0 la rencontre de l&#8217;artisanant.<br \/>\nChaque figurine se transforme ainsi en une v\u00e9ritable pi\u00e8ce unique.<br \/>\nLa signature du contr\u00f4le qualit\u00e9 que le label qualit\u00e9 garantissent un produit irr\u00e9prochable.<\/p>\n","protected":false},"featured_media":6433,"template":"","meta":{"_acf_changed":false},"product_brand":[],"product_cat":[24],"product_tag":[],"class_list":{"0":"post-6432","1":"product","2":"type-product","3":"status-publish","4":"has-post-thumbnail","6":"product_cat-divers","8":"first","9":"instock","10":"taxable","11":"shipping-taxable","12":"purchasable","13":"product-type-simple"},"acf":[],"_links":{"self":[{"href":"https:\/\/claudemonetgiverny.fr\/en\/wp-json\/wp\/v2\/product\/6432","targetHints":{"allow":["GET"]}}],"collection":[{"href":"https:\/\/claudemonetgiverny.fr\/en\/wp-json\/wp\/v2\/product"}],"about":[{"href":"https:\/\/claudemonetgiverny.fr\/en\/wp-json\/wp\/v2\/types\/product"}],"wp:featuredmedia":[{"embeddable":true,"href":"https:\/\/claudemonetgiverny.fr\/en\/wp-json\/wp\/v2\/media\/6433"}],"wp:attachment":[{"href":"https:\/\/claudemonetgiverny.fr\/en\/wp-json\/wp\/v2\/media?parent=6432"}],"wp:term":[{"taxonomy":"product_brand","embeddable":true,"href":"https:\/\/claudemonetgiverny.fr\/en\/wp-json\/wp\/v2\/product_brand?post=6432"},{"taxonomy":"product_cat","embeddable":true,"href":"https:\/\/claudemonetgiverny.fr\/en\/wp-json\/wp\/v2\/product_cat?post=6432"},{"taxonomy":"product_tag","embeddable":true,"href":"https:\/\/claudemonetgiverny.fr\/en\/wp-json\/wp\/v2\/product_tag?post=6432"}],"curies":[{"name":"wp","href":"https:\/\/api.w.org\/{rel}","templated":true}]}}