{"id":6399,"date":"2024-11-27T17:20:16","date_gmt":"2024-11-27T16:20:16","guid":{"rendered":"https:\/\/claudemonetgiverny.fr\/?post_type=product&#038;p=6399"},"modified":"2025-11-23T12:48:57","modified_gmt":"2025-11-23T11:48:57","slug":"lot-de-6-decorations-de-noel","status":"publish","type":"product","link":"https:\/\/claudemonetgiverny.fr\/en\/produit\/lot-de-6-decorations-de-noel\/","title":{"rendered":"Lot de 6 d\u00e9corations de No\u00ebl"},"content":{"rendered":"","protected":false},"excerpt":{"rendered":"<p>Nymph\u00e9as, Effet du soir 1897<br \/>\nNymph\u00e9as, 1916-1919<br \/>\nImpression, soleil levant, 1872<br \/>\nNymph\u00e9as, 1914-1917<br \/>\nVall\u00e9e de Sasso, effet de soleil, 1884<br \/>\nBerthe Morisot, le jardin de Bougival, 1884<br \/>\nEn plastique<\/p>\n","protected":false},"featured_media":6400,"template":"","meta":{"_acf_changed":false},"product_brand":[],"product_cat":[24],"product_tag":[],"class_list":{"0":"post-6399","1":"product","2":"type-product","3":"status-publish","4":"has-post-thumbnail","6":"product_cat-divers","8":"first","9":"outofstock","10":"taxable","11":"shipping-taxable","12":"purchasable","13":"product-type-simple"},"acf":[],"_links":{"self":[{"href":"https:\/\/claudemonetgiverny.fr\/en\/wp-json\/wp\/v2\/product\/6399","targetHints":{"allow":["GET"]}}],"collection":[{"href":"https:\/\/claudemonetgiverny.fr\/en\/wp-json\/wp\/v2\/product"}],"about":[{"href":"https:\/\/claudemonetgiverny.fr\/en\/wp-json\/wp\/v2\/types\/product"}],"wp:featuredmedia":[{"embeddable":true,"href":"https:\/\/claudemonetgiverny.fr\/en\/wp-json\/wp\/v2\/media\/6400"}],"wp:attachment":[{"href":"https:\/\/claudemonetgiverny.fr\/en\/wp-json\/wp\/v2\/media?parent=6399"}],"wp:term":[{"taxonomy":"product_brand","embeddable":true,"href":"https:\/\/claudemonetgiverny.fr\/en\/wp-json\/wp\/v2\/product_brand?post=6399"},{"taxonomy":"product_cat","embeddable":true,"href":"https:\/\/claudemonetgiverny.fr\/en\/wp-json\/wp\/v2\/product_cat?post=6399"},{"taxonomy":"product_tag","embeddable":true,"href":"https:\/\/claudemonetgiverny.fr\/en\/wp-json\/wp\/v2\/product_tag?post=6399"}],"curies":[{"name":"wp","href":"https:\/\/api.w.org\/{rel}","templated":true}]}}