{"id":3782,"date":"2022-11-23T14:40:10","date_gmt":"2022-11-23T13:40:10","guid":{"rendered":"https:\/\/claude-monet-giverny.fr\/?post_type=product&#038;p=3782"},"modified":"2025-12-17T11:02:58","modified_gmt":"2025-12-17T10:02:58","slug":"collection-destampes","status":"publish","type":"product","link":"https:\/\/claudemonetgiverny.fr\/en\/produit\/collection-destampes\/","title":{"rendered":"Collection d&#8217;estampes"},"content":{"rendered":"","protected":false},"excerpt":{"rendered":"<p>La collection d&#8217;estampes japonaises constitu\u00e9e par Claude Monet r\u00e9unit plus de deux cents gravures.<br \/>\nElles sont conserv\u00e9es dans la maison du peintre \u00e0 Giverny et pr\u00e9sent\u00e9es notamment dans le fameuse salle \u00e0 manger aux lambris jaune p\u00e2le et moulures jaune vif qui plaisait tant<br \/>\naux habitu\u00e9s de la maison. Il s&#8217;agit d&#8217;un ensemble r\u00e9uni par l&#8217;artiste selon des crit\u00e8res picturaux qui refl\u00e8tent l&#8217;homme \u00e9pris de lignes et de couleurs mais \u00e9galement un esprit curieux et passionn\u00e9, soucieux de la qualit\u00e9 des \u00e9preuves, de l&#8217;\u00e9tat et du tirage.<br \/>\nLa collection est vari\u00e9e et comprend pour moiti\u00e9 des pi\u00e8ces c\u00e9l\u00e8bres d&#8217;Utamaro, Hokusai et Hiroshige mais \u00e9galement des \u0153uvres plus rares de Eiri et Eisho ou Sharaku.<\/p>\n<p>Genevi\u00e8ve Aitken &#8211; Marianne Delafond<br \/>\nEditions Claude Monet &#8211; Giverny \/ Gourcuff Gragenigo<\/p>\n<p>175 pages<\/p>\n<p>ISBN: 978-2-35340-361-5<\/p>\n","protected":false},"featured_media":3783,"template":"","meta":{"_acf_changed":false},"product_brand":[],"product_cat":[18],"product_tag":[],"class_list":{"0":"post-3782","1":"product","2":"type-product","3":"status-publish","4":"has-post-thumbnail","6":"product_cat-livres","8":"first","9":"instock","10":"taxable","11":"shipping-taxable","12":"purchasable","13":"product-type-simple"},"acf":[],"_links":{"self":[{"href":"https:\/\/claudemonetgiverny.fr\/en\/wp-json\/wp\/v2\/product\/3782","targetHints":{"allow":["GET"]}}],"collection":[{"href":"https:\/\/claudemonetgiverny.fr\/en\/wp-json\/wp\/v2\/product"}],"about":[{"href":"https:\/\/claudemonetgiverny.fr\/en\/wp-json\/wp\/v2\/types\/product"}],"wp:featuredmedia":[{"embeddable":true,"href":"https:\/\/claudemonetgiverny.fr\/en\/wp-json\/wp\/v2\/media\/3783"}],"wp:attachment":[{"href":"https:\/\/claudemonetgiverny.fr\/en\/wp-json\/wp\/v2\/media?parent=3782"}],"wp:term":[{"taxonomy":"product_brand","embeddable":true,"href":"https:\/\/claudemonetgiverny.fr\/en\/wp-json\/wp\/v2\/product_brand?post=3782"},{"taxonomy":"product_cat","embeddable":true,"href":"https:\/\/claudemonetgiverny.fr\/en\/wp-json\/wp\/v2\/product_cat?post=3782"},{"taxonomy":"product_tag","embeddable":true,"href":"https:\/\/claudemonetgiverny.fr\/en\/wp-json\/wp\/v2\/product_tag?post=3782"}],"curies":[{"name":"wp","href":"https:\/\/api.w.org\/{rel}","templated":true}]}}