{"id":2738,"date":"2021-03-10T15:36:53","date_gmt":"2021-03-10T14:36:53","guid":{"rendered":"https:\/\/claude-monet-giverny.fr\/?post_type=product&#038;p=2738"},"modified":"2026-04-06T11:54:32","modified_gmt":"2026-04-06T09:54:32","slug":"le-jardin-de-monet-a-giverny-histoire-dune-renaissance","status":"publish","type":"product","link":"https:\/\/claudemonetgiverny.fr\/en\/produit\/le-jardin-de-monet-a-giverny-histoire-dune-renaissance\/","title":{"rendered":"Le jardin de Monet \u00e0 Giverny &#8211; Histoire d&#8217;une renaissance"},"content":{"rendered":"","protected":false},"excerpt":{"rendered":"<p>De Gilbert Vah\u00e9<br \/>\n287 pages &#8211; Ouvrage R\u00e9li\u00e9<br \/>\nImprim\u00e9 sur papier mat 150 g<br \/>\nNombre d&#8217;illustrations: environ 130<\/p>\n<p>Co\u00e9dition : Maison et jardins Claude Monet-Giverny &#8211; Gourcuff\/Gradenigo<br \/>\nTexte de Val\u00e9rie Bougault avec la collaboration de Nicole Boschung<\/p>\n<p>C&#8217;est l&#8217;histoire de cette seconde vie offerte aux jardins du peintre des Nymph\u00e9as que racone ce livre.<br \/>\nIl t\u00e9moigne ainsi d&#8217;un travail magistral men\u00e9 pendant plus de quarante ans pour reconstituer ces espaces clefs de l&#8217;inspiration de l&#8217;artiste, gr\u00e2ce \u00e0 de nombreuses photographies, documents et archives.<\/p>\n<p>Arbres morts, mar\u00e9cages, ronces et mauvaises herbes : voici ce que d\u00e9couvre G\u00e9rald Van der Kemp \u00e0 son arriv\u00e9e \u00e0 Giverny en 1974.<br \/>\nSuite au d\u00e9c\u00e8s de Michel Monet, la propri\u00e9t\u00e9 du peintre et la collection qu&#8217;elle abrite sont l\u00e9gu\u00e9es \u00e0 l&#8217;Acad\u00e9mie des beaux-arts.<br \/>\nLa maison en triste \u00e9tat est confi\u00e9e \u00e0 G\u00e9rald Van der Kemp, ancien conservateur en chef du Ch\u00e2teau de Versailles, qui trouve ici un nouveau d\u00e9fi \u00e0 sa mesure.<br \/>\nAvec l&#8217;aide du chef jardinier Gilbert Vah\u00e9, les arbres morts sont remplac\u00e9s, les parterres d\u00e9barrass\u00e9s des mauvaises herbes, le pont japonais est reconstitu\u00e9 et les all\u00e9es \u00e9largies pour pouvoir accueillir visiteurs et curieux qui sont, encore aujourd&#8217;hui, si nombreux \u00e0 venir d\u00e9couvrir le domaine de Monet, continuellement fleuri d&#8217;avril \u00e0 novembre.<br \/>\nL&#8217;ensemble des parterres est replant\u00e9 \u00e0 partir de documents d&#8217;archives et de la correspondance de Claude Monet avec ses fournisseurs.<\/p>\n","protected":false},"featured_media":2739,"template":"","meta":{"_acf_changed":false},"product_brand":[],"product_cat":[18],"product_tag":[],"class_list":{"0":"post-2738","1":"product","2":"type-product","3":"status-publish","4":"has-post-thumbnail","6":"product_cat-livres","8":"first","9":"instock","10":"taxable","11":"shipping-taxable","12":"purchasable","13":"product-type-simple"},"acf":[],"_links":{"self":[{"href":"https:\/\/claudemonetgiverny.fr\/en\/wp-json\/wp\/v2\/product\/2738","targetHints":{"allow":["GET"]}}],"collection":[{"href":"https:\/\/claudemonetgiverny.fr\/en\/wp-json\/wp\/v2\/product"}],"about":[{"href":"https:\/\/claudemonetgiverny.fr\/en\/wp-json\/wp\/v2\/types\/product"}],"wp:featuredmedia":[{"embeddable":true,"href":"https:\/\/claudemonetgiverny.fr\/en\/wp-json\/wp\/v2\/media\/2739"}],"wp:attachment":[{"href":"https:\/\/claudemonetgiverny.fr\/en\/wp-json\/wp\/v2\/media?parent=2738"}],"wp:term":[{"taxonomy":"product_brand","embeddable":true,"href":"https:\/\/claudemonetgiverny.fr\/en\/wp-json\/wp\/v2\/product_brand?post=2738"},{"taxonomy":"product_cat","embeddable":true,"href":"https:\/\/claudemonetgiverny.fr\/en\/wp-json\/wp\/v2\/product_cat?post=2738"},{"taxonomy":"product_tag","embeddable":true,"href":"https:\/\/claudemonetgiverny.fr\/en\/wp-json\/wp\/v2\/product_tag?post=2738"}],"curies":[{"name":"wp","href":"https:\/\/api.w.org\/{rel}","templated":true}]}}