{"id":2511,"date":"2020-11-26T11:15:54","date_gmt":"2020-11-26T10:15:54","guid":{"rendered":"https:\/\/claude-monet-giverny.fr\/?post_type=product&#038;p=2511"},"modified":"2026-04-10T11:07:29","modified_gmt":"2026-04-10T09:07:29","slug":"les-carnets-de-cuisine-de-claude-monet-a-giverny","status":"publish","type":"product","link":"https:\/\/claudemonetgiverny.fr\/en\/produit\/les-carnets-de-cuisine-de-claude-monet-a-giverny\/","title":{"rendered":"Les carnets de cuisine de Claude Monet \u00e0 Giverny"},"content":{"rendered":"","protected":false},"excerpt":{"rendered":"<p style=\"color: #000;text-align: justify\">Pour autant d&#8217;invention, pour autant de g\u00e9n\u00e9rosit\u00e9, pour toutes ces belles et bonnes recettes, pour ces pr\u00e9cieux carnets, t\u00e9moins d&#8217;un authentique pass\u00e9 gourmand, pour cet art de vivre quotidien,Merci \u00e0 vous, Claude Monet.<\/p>\n","protected":false},"featured_media":2512,"template":"","meta":{"_acf_changed":false},"product_brand":[],"product_cat":[18],"product_tag":[],"class_list":{"0":"post-2511","1":"product","2":"type-product","3":"status-publish","4":"has-post-thumbnail","6":"product_cat-livres","8":"first","9":"instock","10":"taxable","11":"shipping-taxable","12":"purchasable","13":"product-type-simple"},"acf":[],"_links":{"self":[{"href":"https:\/\/claudemonetgiverny.fr\/en\/wp-json\/wp\/v2\/product\/2511","targetHints":{"allow":["GET"]}}],"collection":[{"href":"https:\/\/claudemonetgiverny.fr\/en\/wp-json\/wp\/v2\/product"}],"about":[{"href":"https:\/\/claudemonetgiverny.fr\/en\/wp-json\/wp\/v2\/types\/product"}],"wp:featuredmedia":[{"embeddable":true,"href":"https:\/\/claudemonetgiverny.fr\/en\/wp-json\/wp\/v2\/media\/2512"}],"wp:attachment":[{"href":"https:\/\/claudemonetgiverny.fr\/en\/wp-json\/wp\/v2\/media?parent=2511"}],"wp:term":[{"taxonomy":"product_brand","embeddable":true,"href":"https:\/\/claudemonetgiverny.fr\/en\/wp-json\/wp\/v2\/product_brand?post=2511"},{"taxonomy":"product_cat","embeddable":true,"href":"https:\/\/claudemonetgiverny.fr\/en\/wp-json\/wp\/v2\/product_cat?post=2511"},{"taxonomy":"product_tag","embeddable":true,"href":"https:\/\/claudemonetgiverny.fr\/en\/wp-json\/wp\/v2\/product_tag?post=2511"}],"curies":[{"name":"wp","href":"https:\/\/api.w.org\/{rel}","templated":true}]}}